{"id":587,"date":"2024-06-27T12:09:23","date_gmt":"2024-06-27T12:09:23","guid":{"rendered":"https:\/\/tervahovi.com\/www\/?page_id=587"},"modified":"2025-01-21T18:02:07","modified_gmt":"2025-01-21T18:02:07","slug":"saunamenu","status":"publish","type":"page","link":"https:\/\/tervahovi.com\/www\/saunamenu\/","title":{"rendered":"Saunamenu"},"content":{"rendered":"\t\t<div data-elementor-type=\"wp-page\" data-elementor-id=\"587\" class=\"elementor elementor-587\" data-elementor-post-type=\"page\">\n\t\t\t\t<div class=\"elementor-element elementor-element-4c977b6 e-flex e-con-boxed e-con e-parent\" data-id=\"4c977b6\" data-element_type=\"container\" data-e-type=\"container\">\n\t\t\t\t\t<div class=\"e-con-inner\">\n\t\t\t\t<div class=\"elementor-element elementor-element-79000e3 elementor-widget elementor-widget-heading\" data-id=\"79000e3\" data-element_type=\"widget\" data-e-type=\"widget\" data-widget_type=\"heading.default\">\n\t\t\t\t<div class=\"elementor-widget-container\">\n\t\t\t\t\t<h1 class=\"elementor-heading-title elementor-size-default\">Saunamenu<\/h1>\t\t\t\t<\/div>\n\t\t\t\t<\/div>\n\t\t\t\t<div class=\"elementor-element elementor-element-481bc27 elementor-widget elementor-widget-text-editor\" data-id=\"481bc27\" data-element_type=\"widget\" data-e-type=\"widget\" data-widget_type=\"text-editor.default\">\n\t\t\t\t<div class=\"elementor-widget-container\">\n\t\t\t\t\t\t\t\t\t<p><strong>Hinnat\/hl\u00f6<\/strong> (ei sis\u00e4ll\u00e4 tarjoilijan palveluita)<br \/>Tilaus teht\u00e4v\u00e4 viimeist\u00e4\u00e4n kolme p\u00e4iv\u00e4\u00e4 ennen varattua ajankohtaa. Ruuat toimitetaan l\u00e4mp\u00f6laatikoissa tuoreena ja ne s\u00e4ilyv\u00e4t kuumana ja tarjoiluvalmiina l\u00e4mp\u00f6levyjen p\u00e4\u00e4ll\u00e4. Minimitilaus 5 hengelle, erikoismenut v\u00e4hint\u00e4\u00e4n 10 hengelle.<br \/>Omat ruoat ja juomat on my\u00f6s sallittu.<\/p>\t\t\t\t\t\t\t\t<\/div>\n\t\t\t\t<\/div>\n\t\t\t\t\t<\/div>\n\t\t\t\t<\/div>\n\t\t<div class=\"elementor-element elementor-element-577008c e-flex e-con-boxed e-con e-parent\" data-id=\"577008c\" data-element_type=\"container\" data-e-type=\"container\">\n\t\t\t\t\t<div class=\"e-con-inner\">\n\t\t<div class=\"elementor-element elementor-element-655dcae e-con-full e-flex e-con e-child\" data-id=\"655dcae\" data-element_type=\"container\" data-e-type=\"container\">\n\t\t\t\t<div class=\"elementor-element elementor-element-b73c706 elementor-widget elementor-widget-price-list\" data-id=\"b73c706\" data-element_type=\"widget\" data-e-type=\"widget\" data-widget_type=\"price-list.default\">\n\t\t\t\t<div class=\"elementor-widget-container\">\n\t\t\t\t\t\n\t\t<ul class=\"elementor-price-list\">\n\n\t\t\t\t\t\t\t\t\t<li><a class=\"elementor-price-list-item\" href=\"#\">\t\t\t\t\n\t\t\t\t<div class=\"elementor-price-list-text\">\n\t\t\t\t\t\t\t\t\t<div class=\"elementor-price-list-header\">\n\t\t\t\t\t\t\t\t\t\t\t<span class=\"elementor-price-list-title\">\n\t\t\t\t\t\t\tErikoismenu 1\t\t\t\t\t\t<\/span>\n\t\t\t\t\t\t\t\t\t\t\t\t\t\t\t\t\t\t<span class=\"elementor-price-list-separator\"><\/span>\n\t\t\t\t\t\t\t\t\t\t\t\t\t\t\t\t\t\t\t<span class=\"elementor-price-list-price\">Ei saatavana t\u00e4ll\u00e4 hetkell\u00e4<\/span>\n\t\t\t\t\t\t\t\t\t\t<\/div>\n\t\t\t\t\t\t\t\t\t\t\t\t\t\t\t<p class=\"elementor-price-list-description\">\n\t\t\t\t\t\t\tMakkaralajitelma, jossa Huilun Tuhtia ja bratwurstia sek\u00e4 chorizo-makkaraa \u2022 perunasalaattia ja suolakurkkua \u2022 s\u00e4mpyl\u00f6it\u00e4 + levite\t\t\t\t\t\t<\/p>\n\t\t\t\t\t\t\t\t<\/div>\n\t\t\t\t<\/a><\/li>\t\t\t\t\t\t\t\t\t\t\t\t<li><a class=\"elementor-price-list-item\" href=\"#\">\t\t\t\t\n\t\t\t\t<div class=\"elementor-price-list-text\">\n\t\t\t\t\t\t\t\t\t<div class=\"elementor-price-list-header\">\n\t\t\t\t\t\t\t\t\t\t\t<span class=\"elementor-price-list-title\">\n\t\t\t\t\t\t\tErikoismenu 2\t\t\t\t\t\t<\/span>\n\t\t\t\t\t\t\t\t\t\t\t\t\t\t\t\t\t\t<span class=\"elementor-price-list-separator\"><\/span>\n\t\t\t\t\t\t\t\t\t\t\t\t\t\t\t\t\t\t\t<span class=\"elementor-price-list-price\">Ei saatavana t\u00e4ll\u00e4 hetkell\u00e4<\/span>\n\t\t\t\t\t\t\t\t\t\t<\/div>\n\t\t\t\t\t\t\t\t\t\t\t\t\t\t\t<p class=\"elementor-price-list-description\">\n\t\t\t\t\t\t\tRiistak\u00e4ristyst\u00e4 ja muusia \u2022 puolukkahilloa ja vihersalaattia \u2022 s\u00e4mpyl\u00f6it\u00e4 + levite\t\t\t\t\t\t<\/p>\n\t\t\t\t\t\t\t\t<\/div>\n\t\t\t\t<\/a><\/li>\t\t\t\t\t\t\t\t\t\t\t\t<li><a class=\"elementor-price-list-item\" href=\"#\">\t\t\t\t\n\t\t\t\t<div class=\"elementor-price-list-text\">\n\t\t\t\t\t\t\t\t\t<div class=\"elementor-price-list-header\">\n\t\t\t\t\t\t\t\t\t\t\t<span class=\"elementor-price-list-title\">\n\t\t\t\t\t\t\tErikoismenu 3\t\t\t\t\t\t<\/span>\n\t\t\t\t\t\t\t\t\t\t\t\t\t\t\t\t\t\t<span class=\"elementor-price-list-separator\"><\/span>\n\t\t\t\t\t\t\t\t\t\t\t\t\t\t\t\t\t\t\t<span class=\"elementor-price-list-price\">Ei saatavana t\u00e4ll\u00e4 hetkell\u00e4<\/span>\n\t\t\t\t\t\t\t\t\t\t<\/div>\n\t\t\t\t\t\t\t\t\t\t\t\t\t\t\t<p class=\"elementor-price-list-description\">\n\t\t\t\t\t\t\tKylm\u00e4savulohi-rapurullia \u2022 revitty\u00e4 savulohta ja suolahein\u00e4salaattia  \u2022 kananmunalohkoja \u2022 leip\u00e4juusto-p\u00e4\u00e4ryn\u00e4salaattia ja tuorebasilika\u00f6ljy\u00e4 \u2022 broiler-caesarsalaattia \u2022 linnapaistia ja marinoitua punasipulia \u2022 katkarapu- ja kinkkut\u00e4ytteiset uuniperunat \u2022 s\u00e4mpyl\u00f6it\u00e4 + levite\t\t\t\t\t\t<\/p>\n\t\t\t\t\t\t\t\t<\/div>\n\t\t\t\t<\/a><\/li>\t\t\t\t\t\n\t\t<\/ul>\n\n\t\t\t\t\t\t<\/div>\n\t\t\t\t<\/div>\n\t\t\t\t<\/div>\n\t\t<div class=\"elementor-element elementor-element-e79945a e-con-full e-flex e-con e-child\" data-id=\"e79945a\" data-element_type=\"container\" data-e-type=\"container\">\n\t\t\t\t<div class=\"elementor-element elementor-element-e91c1cf elementor-widget elementor-widget-price-list\" data-id=\"e91c1cf\" data-element_type=\"widget\" data-e-type=\"widget\" data-widget_type=\"price-list.default\">\n\t\t\t\t<div class=\"elementor-widget-container\">\n\t\t\t\t\t\n\t\t<ul class=\"elementor-price-list\">\n\n\t\t\t\t\t\t\t\t\t<li><a class=\"elementor-price-list-item\" href=\"#\">\t\t\t\t\n\t\t\t\t<div class=\"elementor-price-list-text\">\n\t\t\t\t\t\t\t\t\t<div class=\"elementor-price-list-header\">\n\t\t\t\t\t\t\t\t\t\t\t<span class=\"elementor-price-list-title\">\n\t\t\t\t\t\t\tMenu 1\t\t\t\t\t\t<\/span>\n\t\t\t\t\t\t\t\t\t\t\t\t\t\t\t\t\t\t<span class=\"elementor-price-list-separator\"><\/span>\n\t\t\t\t\t\t\t\t\t\t\t\t\t\t\t\t\t\t\t<span class=\"elementor-price-list-price\">14\u20ac<\/span>\n\t\t\t\t\t\t\t\t\t\t<\/div>\n\t\t\t\t\t\t\t\t\t\t\t\t\t\t\t<p class=\"elementor-price-list-description\">\n\t\t\t\t\t\t\tKiusaus (kinkku\/ broiler\/ lohi\/ kebab tai jansson) \u2022 Tuoresalaatti tai kreikkalainen salaatti \u2022 Patonki tai s\u00e4mpyl\u00e4\t\t\t\t\t\t<\/p>\n\t\t\t\t\t\t\t\t<\/div>\n\t\t\t\t<\/a><\/li>\t\t\t\t\t\t\t\t\t\t\t\t<li><a class=\"elementor-price-list-item\" href=\"#\">\t\t\t\t\n\t\t\t\t<div class=\"elementor-price-list-text\">\n\t\t\t\t\t\t\t\t\t<div class=\"elementor-price-list-header\">\n\t\t\t\t\t\t\t\t\t\t\t<span class=\"elementor-price-list-title\">\n\t\t\t\t\t\t\tMenu 2\t\t\t\t\t\t<\/span>\n\t\t\t\t\t\t\t\t\t\t\t\t\t\t\t\t\t\t<span class=\"elementor-price-list-separator\"><\/span>\n\t\t\t\t\t\t\t\t\t\t\t\t\t\t\t\t\t\t\t<span class=\"elementor-price-list-price\">17\u20ac<\/span>\n\t\t\t\t\t\t\t\t\t\t<\/div>\n\t\t\t\t\t\t\t\t\t\t\t\t\t\t\t<p class=\"elementor-price-list-description\">\n\t\t\t\t\t\t\tKermaperunat + lihapullat \u2022 Tuoresalaatti tai kreikkalainen salaatti \u2022 Patonki tai s\u00e4mpyl\u00e4\t\t\t\t\t\t<\/p>\n\t\t\t\t\t\t\t\t<\/div>\n\t\t\t\t<\/a><\/li>\t\t\t\t\t\t\t\t\t\t\t\t<li><a class=\"elementor-price-list-item\" href=\"#\">\t\t\t\t\n\t\t\t\t<div class=\"elementor-price-list-text\">\n\t\t\t\t\t\t\t\t\t<div class=\"elementor-price-list-header\">\n\t\t\t\t\t\t\t\t\t\t\t<span class=\"elementor-price-list-title\">\n\t\t\t\t\t\t\tMenu 3\t\t\t\t\t\t<\/span>\n\t\t\t\t\t\t\t\t\t\t\t\t\t\t\t\t\t\t<span class=\"elementor-price-list-separator\"><\/span>\n\t\t\t\t\t\t\t\t\t\t\t\t\t\t\t\t\t\t\t<span class=\"elementor-price-list-price\">18\u20ac<\/span>\n\t\t\t\t\t\t\t\t\t\t<\/div>\n\t\t\t\t\t\t\t\t\t\t\t\t\t\t\t<p class=\"elementor-price-list-description\">\n\t\t\t\t\t\t\tPossunfilee + kermaperunat \u2022 Rosepippurikastike \u2022 Tuoresalaatti tai kreikkalainen salaatti \u2022 Patonki tai s\u00e4mpyl\u00e4\t\t\t\t\t\t<\/p>\n\t\t\t\t\t\t\t\t<\/div>\n\t\t\t\t<\/a><\/li>\t\t\t\t\t\n\t\t<\/ul>\n\n\t\t\t\t\t\t<\/div>\n\t\t\t\t<\/div>\n\t\t\t\t<div class=\"elementor-element elementor-element-6b3ab89 elementor-widget elementor-widget-price-list\" data-id=\"6b3ab89\" data-element_type=\"widget\" data-e-type=\"widget\" data-widget_type=\"price-list.default\">\n\t\t\t\t<div class=\"elementor-widget-container\">\n\t\t\t\t\t\n\t\t<ul class=\"elementor-price-list\">\n\n\t\t\t\t\t\t\t\t\t<li><a class=\"elementor-price-list-item\" href=\"#\">\t\t\t\t\n\t\t\t\t<div class=\"elementor-price-list-text\">\n\t\t\t\t\t\t\t\t\t<div class=\"elementor-price-list-header\">\n\t\t\t\t\t\t\t\t\t\t\t<span class=\"elementor-price-list-title\">\n\t\t\t\t\t\t\tKahvi\/tee ja wiener\/pulla\/pasteija\t\t\t\t\t\t<\/span>\n\t\t\t\t\t\t\t\t\t\t\t\t\t\t\t\t\t\t<span class=\"elementor-price-list-separator\"><\/span>\n\t\t\t\t\t\t\t\t\t\t\t\t\t\t\t\t\t\t\t<span class=\"elementor-price-list-price\">5\u20ac<\/span>\n\t\t\t\t\t\t\t\t\t\t<\/div>\n\t\t\t\t\t\t\t\t\t\t\t\t<\/div>\n\t\t\t\t<\/a><\/li>\t\t\t\t\t\t\t\t\t\t\t\t<li><a class=\"elementor-price-list-item\" href=\"#\">\t\t\t\t\n\t\t\t\t<div class=\"elementor-price-list-text\">\n\t\t\t\t\t\t\t\t\t<div class=\"elementor-price-list-header\">\n\t\t\t\t\t\t\t\t\t\t\t<span class=\"elementor-price-list-title\">\n\t\t\t\t\t\t\tKahvi\/tee ja t\u00e4ytetty s\u00e4mpyl\u00e4\t\t\t\t\t\t<\/span>\n\t\t\t\t\t\t\t\t\t\t\t\t\t\t\t\t\t\t<span class=\"elementor-price-list-separator\"><\/span>\n\t\t\t\t\t\t\t\t\t\t\t\t\t\t\t\t\t\t\t<span class=\"elementor-price-list-price\">6\u20ac<\/span>\n\t\t\t\t\t\t\t\t\t\t<\/div>\n\t\t\t\t\t\t\t\t\t\t\t\t<\/div>\n\t\t\t\t<\/a><\/li>\t\t\t\t\t\t\t\t\t\t\t\t<li><a class=\"elementor-price-list-item\" href=\"#\">\t\t\t\t\n\t\t\t\t<div class=\"elementor-price-list-text\">\n\t\t\t\t\t\t\t\t\t<div class=\"elementor-price-list-header\">\n\t\t\t\t\t\t\t\t\t\t\t<span class=\"elementor-price-list-title\">\n\t\t\t\t\t\t\tKahvi\/tee ja t\u00e4ytekakku\t\t\t\t\t\t<\/span>\n\t\t\t\t\t\t\t\t\t\t\t\t\t\t\t\t\t\t<span class=\"elementor-price-list-separator\"><\/span>\n\t\t\t\t\t\t\t\t\t\t\t\t\t\t\t\t\t\t\t<span class=\"elementor-price-list-price\">6\u20ac<\/span>\n\t\t\t\t\t\t\t\t\t\t<\/div>\n\t\t\t\t\t\t\t\t\t\t\t\t<\/div>\n\t\t\t\t<\/a><\/li>\t\t\t\t\t\t\t\t\t\t\t\t<li><a class=\"elementor-price-list-item\" href=\"#\">\t\t\t\t\n\t\t\t\t<div class=\"elementor-price-list-text\">\n\t\t\t\t\t\t\t\t\t<div class=\"elementor-price-list-header\">\n\t\t\t\t\t\t\t\t\t\t\t<span class=\"elementor-price-list-title\">\n\t\t\t\t\t\t\tRuokajuomat maito+kotikalja\t\t\t\t\t\t<\/span>\n\t\t\t\t\t\t\t\t\t\t\t\t\t\t\t\t\t\t<span class=\"elementor-price-list-separator\"><\/span>\n\t\t\t\t\t\t\t\t\t\t\t\t\t\t\t\t\t\t\t<span class=\"elementor-price-list-price\">2\u20ac<\/span>\n\t\t\t\t\t\t\t\t\t\t<\/div>\n\t\t\t\t\t\t\t\t\t\t\t\t<\/div>\n\t\t\t\t<\/a><\/li>\t\t\t\t\t\n\t\t<\/ul>\n\n\t\t\t\t\t\t<\/div>\n\t\t\t\t<\/div>\n\t\t\t\t<\/div>\n\t\t\t\t\t<\/div>\n\t\t\t\t<\/div>\n\t\t\t\t<\/div>\n\t\t","protected":false},"excerpt":{"rendered":"<p>Saunamenu Hinnat\/hl\u00f6 (ei sis\u00e4ll\u00e4 tarjoilijan palveluita)Tilaus teht\u00e4v\u00e4 viimeist\u00e4\u00e4n kolme p\u00e4iv\u00e4\u00e4 ennen varattua ajankohtaa. Ruuat toimitetaan l\u00e4mp\u00f6laatikoissa tuoreena ja ne s\u00e4ilyv\u00e4t [&hellip;]<\/p>\n","protected":false},"author":1,"featured_media":0,"parent":0,"menu_order":0,"comment_status":"closed","ping_status":"closed","template":"","meta":{"site-sidebar-layout":"no-sidebar","site-content-layout":"","ast-site-content-layout":"full-width-container","site-content-style":"default","site-sidebar-style":"default","ast-global-header-display":"","ast-banner-title-visibility":"","ast-main-header-display":"","ast-hfb-above-header-display":"","ast-hfb-below-header-display":"","ast-hfb-mobile-header-display":"","site-post-title":"disabled","ast-breadcrumbs-content":"","ast-featured-img":"disabled","footer-sml-layout":"","theme-transparent-header-meta":"","adv-header-id-meta":"","stick-header-meta":"","header-above-stick-meta":"","header-main-stick-meta":"","header-below-stick-meta":"","astra-migrate-meta-layouts":"default","ast-page-background-enabled":"default","ast-page-background-meta":{"desktop":{"background-color":"var(--ast-global-color-4)","background-image":"","background-repeat":"repeat","background-position":"center center","background-size":"auto","background-attachment":"scroll","background-type":"","background-media":"","overlay-type":"","overlay-color":"","overlay-opacity":"","overlay-gradient":""},"tablet":{"background-color":"","background-image":"","background-repeat":"repeat","background-position":"center center","background-size":"auto","background-attachment":"scroll","background-type":"","background-media":"","overlay-type":"","overlay-color":"","overlay-opacity":"","overlay-gradient":""},"mobile":{"background-color":"","background-image":"","background-repeat":"repeat","background-position":"center center","background-size":"auto","background-attachment":"scroll","background-type":"","background-media":"","overlay-type":"","overlay-color":"","overlay-opacity":"","overlay-gradient":""}},"ast-content-background-meta":{"desktop":{"background-color":"var(--ast-global-color-5)","background-image":"","background-repeat":"repeat","background-position":"center center","background-size":"auto","background-attachment":"scroll","background-type":"","background-media":"","overlay-type":"","overlay-color":"","overlay-opacity":"","overlay-gradient":""},"tablet":{"background-color":"var(--ast-global-color-5)","background-image":"","background-repeat":"repeat","background-position":"center center","background-size":"auto","background-attachment":"scroll","background-type":"","background-media":"","overlay-type":"","overlay-color":"","overlay-opacity":"","overlay-gradient":""},"mobile":{"background-color":"var(--ast-global-color-5)","background-image":"","background-repeat":"repeat","background-position":"center center","background-size":"auto","background-attachment":"scroll","background-type":"","background-media":"","overlay-type":"","overlay-color":"","overlay-opacity":"","overlay-gradient":""}},"footnotes":""},"class_list":["post-587","page","type-page","status-publish","hentry"],"yoast_head":"<!-- This site is optimized with the Yoast SEO plugin v27.4 - https:\/\/yoast.com\/product\/yoast-seo-wordpress\/ -->\n<title>Saunamenu - Tervahovi<\/title>\n<meta name=\"robots\" content=\"index, follow, max-snippet:-1, max-image-preview:large, max-video-preview:-1\" \/>\n<link rel=\"canonical\" href=\"https:\/\/tervahovi.com\/www\/saunamenu\/\" \/>\n<meta property=\"og:locale\" content=\"fi_FI\" \/>\n<meta property=\"og:type\" content=\"article\" \/>\n<meta property=\"og:title\" content=\"Saunamenu - Tervahovi\" \/>\n<meta property=\"og:description\" content=\"Saunamenu Hinnat\/hl\u00f6 (ei sis\u00e4ll\u00e4 tarjoilijan palveluita)Tilaus teht\u00e4v\u00e4 viimeist\u00e4\u00e4n kolme p\u00e4iv\u00e4\u00e4 ennen varattua ajankohtaa. Ruuat toimitetaan l\u00e4mp\u00f6laatikoissa tuoreena ja ne s\u00e4ilyv\u00e4t [&hellip;]\" \/>\n<meta property=\"og:url\" content=\"https:\/\/tervahovi.com\/www\/saunamenu\/\" \/>\n<meta property=\"og:site_name\" content=\"Tervahovi\" \/>\n<meta property=\"article:modified_time\" content=\"2025-01-21T18:02:07+00:00\" \/>\n<meta property=\"og:image\" content=\"https:\/\/tervahovi.com\/www\/wp-content\/uploads\/2024\/06\/Juhlatila-Tervahovi-Sastamalassa.png\" \/>\n\t<meta property=\"og:image:width\" content=\"1920\" \/>\n\t<meta property=\"og:image:height\" content=\"1080\" \/>\n\t<meta property=\"og:image:type\" content=\"image\/png\" \/>\n<meta name=\"twitter:card\" content=\"summary_large_image\" \/>\n<meta name=\"twitter:label1\" content=\"Arvioitu lukuaika\" \/>\n\t<meta name=\"twitter:data1\" content=\"2 minuuttia\" \/>\n<script type=\"application\/ld+json\" class=\"yoast-schema-graph\">{\"@context\":\"https:\\\/\\\/schema.org\",\"@graph\":[{\"@type\":\"WebPage\",\"@id\":\"https:\\\/\\\/tervahovi.com\\\/www\\\/saunamenu\\\/\",\"url\":\"https:\\\/\\\/tervahovi.com\\\/www\\\/saunamenu\\\/\",\"name\":\"Saunamenu - Tervahovi\",\"isPartOf\":{\"@id\":\"https:\\\/\\\/tervahovi.com\\\/www\\\/#website\"},\"datePublished\":\"2024-06-27T12:09:23+00:00\",\"dateModified\":\"2025-01-21T18:02:07+00:00\",\"breadcrumb\":{\"@id\":\"https:\\\/\\\/tervahovi.com\\\/www\\\/saunamenu\\\/#breadcrumb\"},\"inLanguage\":\"fi\",\"potentialAction\":[{\"@type\":\"ReadAction\",\"target\":[\"https:\\\/\\\/tervahovi.com\\\/www\\\/saunamenu\\\/\"]}]},{\"@type\":\"BreadcrumbList\",\"@id\":\"https:\\\/\\\/tervahovi.com\\\/www\\\/saunamenu\\\/#breadcrumb\",\"itemListElement\":[{\"@type\":\"ListItem\",\"position\":1,\"name\":\"Etusivu\",\"item\":\"https:\\\/\\\/tervahovi.com\\\/www\\\/\"},{\"@type\":\"ListItem\",\"position\":2,\"name\":\"Saunamenu\"}]},{\"@type\":\"WebSite\",\"@id\":\"https:\\\/\\\/tervahovi.com\\\/www\\\/#website\",\"url\":\"https:\\\/\\\/tervahovi.com\\\/www\\\/\",\"name\":\"Tervahovi\",\"description\":\"Tervahovi on upea juhlatila Sastamalan syd\u00e4mess\u00e4\",\"publisher\":{\"@id\":\"https:\\\/\\\/tervahovi.com\\\/www\\\/#organization\"},\"potentialAction\":[{\"@type\":\"SearchAction\",\"target\":{\"@type\":\"EntryPoint\",\"urlTemplate\":\"https:\\\/\\\/tervahovi.com\\\/www\\\/?s={search_term_string}\"},\"query-input\":{\"@type\":\"PropertyValueSpecification\",\"valueRequired\":true,\"valueName\":\"search_term_string\"}}],\"inLanguage\":\"fi\"},{\"@type\":\"Organization\",\"@id\":\"https:\\\/\\\/tervahovi.com\\\/www\\\/#organization\",\"name\":\"Tervahovi\",\"url\":\"https:\\\/\\\/tervahovi.com\\\/www\\\/\",\"logo\":{\"@type\":\"ImageObject\",\"inLanguage\":\"fi\",\"@id\":\"https:\\\/\\\/tervahovi.com\\\/www\\\/#\\\/schema\\\/logo\\\/image\\\/\",\"url\":\"https:\\\/\\\/tervahovi.com\\\/www\\\/wp-content\\\/uploads\\\/2024\\\/06\\\/tervahovi-juhlatila-sastamala-1.png\",\"contentUrl\":\"https:\\\/\\\/tervahovi.com\\\/www\\\/wp-content\\\/uploads\\\/2024\\\/06\\\/tervahovi-juhlatila-sastamala-1.png\",\"width\":700,\"height\":247,\"caption\":\"Tervahovi\"},\"image\":{\"@id\":\"https:\\\/\\\/tervahovi.com\\\/www\\\/#\\\/schema\\\/logo\\\/image\\\/\"}}]}<\/script>\n<!-- \/ Yoast SEO plugin. -->","yoast_head_json":{"title":"Saunamenu - Tervahovi","robots":{"index":"index","follow":"follow","max-snippet":"max-snippet:-1","max-image-preview":"max-image-preview:large","max-video-preview":"max-video-preview:-1"},"canonical":"https:\/\/tervahovi.com\/www\/saunamenu\/","og_locale":"fi_FI","og_type":"article","og_title":"Saunamenu - Tervahovi","og_description":"Saunamenu Hinnat\/hl\u00f6 (ei sis\u00e4ll\u00e4 tarjoilijan palveluita)Tilaus teht\u00e4v\u00e4 viimeist\u00e4\u00e4n kolme p\u00e4iv\u00e4\u00e4 ennen varattua ajankohtaa. Ruuat toimitetaan l\u00e4mp\u00f6laatikoissa tuoreena ja ne s\u00e4ilyv\u00e4t [&hellip;]","og_url":"https:\/\/tervahovi.com\/www\/saunamenu\/","og_site_name":"Tervahovi","article_modified_time":"2025-01-21T18:02:07+00:00","og_image":[{"width":1920,"height":1080,"url":"https:\/\/tervahovi.com\/www\/wp-content\/uploads\/2024\/06\/Juhlatila-Tervahovi-Sastamalassa.png","type":"image\/png"}],"twitter_card":"summary_large_image","twitter_misc":{"Arvioitu lukuaika":"2 minuuttia"},"schema":{"@context":"https:\/\/schema.org","@graph":[{"@type":"WebPage","@id":"https:\/\/tervahovi.com\/www\/saunamenu\/","url":"https:\/\/tervahovi.com\/www\/saunamenu\/","name":"Saunamenu - Tervahovi","isPartOf":{"@id":"https:\/\/tervahovi.com\/www\/#website"},"datePublished":"2024-06-27T12:09:23+00:00","dateModified":"2025-01-21T18:02:07+00:00","breadcrumb":{"@id":"https:\/\/tervahovi.com\/www\/saunamenu\/#breadcrumb"},"inLanguage":"fi","potentialAction":[{"@type":"ReadAction","target":["https:\/\/tervahovi.com\/www\/saunamenu\/"]}]},{"@type":"BreadcrumbList","@id":"https:\/\/tervahovi.com\/www\/saunamenu\/#breadcrumb","itemListElement":[{"@type":"ListItem","position":1,"name":"Etusivu","item":"https:\/\/tervahovi.com\/www\/"},{"@type":"ListItem","position":2,"name":"Saunamenu"}]},{"@type":"WebSite","@id":"https:\/\/tervahovi.com\/www\/#website","url":"https:\/\/tervahovi.com\/www\/","name":"Tervahovi","description":"Tervahovi on upea juhlatila Sastamalan syd\u00e4mess\u00e4","publisher":{"@id":"https:\/\/tervahovi.com\/www\/#organization"},"potentialAction":[{"@type":"SearchAction","target":{"@type":"EntryPoint","urlTemplate":"https:\/\/tervahovi.com\/www\/?s={search_term_string}"},"query-input":{"@type":"PropertyValueSpecification","valueRequired":true,"valueName":"search_term_string"}}],"inLanguage":"fi"},{"@type":"Organization","@id":"https:\/\/tervahovi.com\/www\/#organization","name":"Tervahovi","url":"https:\/\/tervahovi.com\/www\/","logo":{"@type":"ImageObject","inLanguage":"fi","@id":"https:\/\/tervahovi.com\/www\/#\/schema\/logo\/image\/","url":"https:\/\/tervahovi.com\/www\/wp-content\/uploads\/2024\/06\/tervahovi-juhlatila-sastamala-1.png","contentUrl":"https:\/\/tervahovi.com\/www\/wp-content\/uploads\/2024\/06\/tervahovi-juhlatila-sastamala-1.png","width":700,"height":247,"caption":"Tervahovi"},"image":{"@id":"https:\/\/tervahovi.com\/www\/#\/schema\/logo\/image\/"}}]}},"_links":{"self":[{"href":"https:\/\/tervahovi.com\/www\/wp-json\/wp\/v2\/pages\/587","targetHints":{"allow":["GET"]}}],"collection":[{"href":"https:\/\/tervahovi.com\/www\/wp-json\/wp\/v2\/pages"}],"about":[{"href":"https:\/\/tervahovi.com\/www\/wp-json\/wp\/v2\/types\/page"}],"author":[{"embeddable":true,"href":"https:\/\/tervahovi.com\/www\/wp-json\/wp\/v2\/users\/1"}],"replies":[{"embeddable":true,"href":"https:\/\/tervahovi.com\/www\/wp-json\/wp\/v2\/comments?post=587"}],"version-history":[{"count":13,"href":"https:\/\/tervahovi.com\/www\/wp-json\/wp\/v2\/pages\/587\/revisions"}],"predecessor-version":[{"id":794,"href":"https:\/\/tervahovi.com\/www\/wp-json\/wp\/v2\/pages\/587\/revisions\/794"}],"wp:attachment":[{"href":"https:\/\/tervahovi.com\/www\/wp-json\/wp\/v2\/media?parent=587"}],"curies":[{"name":"wp","href":"https:\/\/api.w.org\/{rel}","templated":true}]}}