{"id":88,"date":"2024-06-26T07:02:42","date_gmt":"2024-06-26T07:02:42","guid":{"rendered":"https:\/\/tervahovi.com\/www\/asuntovaunu\/"},"modified":"2024-08-13T17:26:00","modified_gmt":"2024-08-13T17:26:00","slug":"majoitus","status":"publish","type":"page","link":"https:\/\/tervahovi.com\/www\/majoitus\/","title":{"rendered":"Majoitus"},"content":{"rendered":"\t\t<div data-elementor-type=\"wp-page\" data-elementor-id=\"88\" class=\"elementor elementor-88\" data-elementor-post-type=\"page\">\n\t\t\t\t<div class=\"elementor-element elementor-element-76c2520 e-flex e-con-boxed e-con e-parent\" data-id=\"76c2520\" data-element_type=\"container\" data-e-type=\"container\" data-settings=\"{&quot;background_background&quot;:&quot;classic&quot;}\">\n\t\t\t\t\t<div class=\"e-con-inner\">\n\t\t\t\t\t<\/div>\n\t\t\t\t<\/div>\n\t\t<div class=\"elementor-element elementor-element-695a4832 e-flex e-con-boxed e-con e-parent\" data-id=\"695a4832\" data-element_type=\"container\" data-e-type=\"container\">\n\t\t\t\t\t<div class=\"e-con-inner\">\n\t\t\t\t<div class=\"elementor-element elementor-element-a7c1733 elementor-widget elementor-widget-heading\" data-id=\"a7c1733\" data-element_type=\"widget\" data-e-type=\"widget\" data-widget_type=\"heading.default\">\n\t\t\t\t<div class=\"elementor-widget-container\">\n\t\t\t\t\t<h1 class=\"elementor-heading-title elementor-size-default\">Majoittuminen Tervahovin alueella<\/h1>\t\t\t\t<\/div>\n\t\t\t\t<\/div>\n\t\t\t\t<div class=\"elementor-element elementor-element-36979248 elementor-widget elementor-widget-text-editor\" data-id=\"36979248\" data-element_type=\"widget\" data-e-type=\"widget\" data-widget_type=\"text-editor.default\">\n\t\t\t\t<div class=\"elementor-widget-container\">\n\t\t\t\t\t\t\t\t\t<p>Tervahovin vieraat majoittuvat mukavasti joko saunakabinetin makuutiloihin tai viereisen leirint\u00e4alueen leirint\u00e4m\u00f6kkeihin. Hotellimajoitusta kaipaaville Sastamalan keskustasta l\u00f6ytyy my\u00f6s tarjontaa: Putiikkihotelli <a href=\"https:\/\/www.pyynpesa.fi\/\" target=\"_blank\" rel=\"noopener\">Pyynpes\u00e4<\/a> keskustassa ja majatalo <a href=\"https:\/\/liekoranta.fi\/\" target=\"_blank\" rel=\"noopener\">Liekoranta<\/a> rautatieaseman vieress\u00e4.<\/p>\t\t\t\t\t\t\t\t<\/div>\n\t\t\t\t<\/div>\n\t\t\t\t\t<\/div>\n\t\t\t\t<\/div>\n\t\t<div class=\"elementor-element elementor-element-a0fc194 e-flex e-con-boxed e-con e-parent\" data-id=\"a0fc194\" data-element_type=\"container\" data-e-type=\"container\">\n\t\t\t\t\t<div class=\"e-con-inner\">\n\t\t<div class=\"elementor-element elementor-element-25b4258 e-flex e-con-boxed e-con e-child\" data-id=\"25b4258\" data-element_type=\"container\" data-e-type=\"container\">\n\t\t\t\t\t<div class=\"e-con-inner\">\n\t\t<div class=\"elementor-element elementor-element-4c950b9 e-flex e-con-boxed e-con e-child\" data-id=\"4c950b9\" data-element_type=\"container\" data-e-type=\"container\">\n\t\t\t\t\t<div class=\"e-con-inner\">\n\t\t\t\t<div class=\"elementor-element elementor-element-45806a5 elementor-cta--layout-image-right elementor-cta--mobile-layout-image-above elementor-cta--skin-classic elementor-animated-content elementor-widget elementor-widget-call-to-action\" data-id=\"45806a5\" data-element_type=\"widget\" data-e-type=\"widget\" data-widget_type=\"call-to-action.default\">\n\t\t\t\t<div class=\"elementor-widget-container\">\n\t\t\t\t\t\t\t<div class=\"elementor-cta\">\n\t\t\t\t\t<div class=\"elementor-cta__bg-wrapper\">\n\t\t\t\t<div class=\"elementor-cta__bg elementor-bg\" style=\"background-image: url(https:\/\/tervahovi.com\/www\/wp-content\/uploads\/2024\/06\/Tervahovi-\u00a8juhlatila-saunakabinetti-sastamala.jpg);\" role=\"img\" aria-label=\"Tervahovi-\u00a8juhlatila-saunakabinetti-sastamala\"><\/div>\n\t\t\t\t<div class=\"elementor-cta__bg-overlay\"><\/div>\n\t\t\t<\/div>\n\t\t\t\t\t\t\t<div class=\"elementor-cta__content\">\n\t\t\t\t\n\t\t\t\t\t\t\t\t\t<h2 class=\"elementor-cta__title elementor-cta__content-item elementor-content-item\">\n\t\t\t\t\t\tSaunakabinetti\t\t\t\t\t<\/h2>\n\t\t\t\t\n\t\t\t\t\t\t\t\t\t<div class=\"elementor-cta__description elementor-cta__content-item elementor-content-item\">\n\t\t\t\t\t\tSaunakabinetissa on yksi makuuhuone jossa parivuode ja kaksi yhden hengen vuodetta. Omat liinavaatteet ovat suositeltuja, mutta voit vuokrata ne my\u00f6s leirint\u00e4alueen vastaanotosta. Vuoteissa on peitot ja tyynyt. Tuvassa on lis\u00e4ksi kaksi levitett\u00e4v\u00e4\u00e4 vuodesohvaa, joten majoitustilaa l\u00f6ytyy yhteens\u00e4 6+2 hl\u00f6lle.\t\t\t\t\t<\/div>\n\t\t\t\t\n\t\t\t\t\t\t\t<\/div>\n\t\t\t\t\t\t<\/div>\n\t\t\t\t\t\t<\/div>\n\t\t\t\t<\/div>\n\t\t\t\t\t<\/div>\n\t\t\t\t<\/div>\n\t\t\t\t\t<\/div>\n\t\t\t\t<\/div>\n\t\t\t\t\t<\/div>\n\t\t\t\t<\/div>\n\t\t<div class=\"elementor-element elementor-element-1fa0bdd e-flex e-con-boxed e-con e-parent\" data-id=\"1fa0bdd\" data-element_type=\"container\" data-e-type=\"container\">\n\t\t\t\t\t<div class=\"e-con-inner\">\n\t\t<div class=\"elementor-element elementor-element-aac4020 e-flex e-con-boxed e-con e-child\" data-id=\"aac4020\" data-element_type=\"container\" data-e-type=\"container\">\n\t\t\t\t\t<div class=\"e-con-inner\">\n\t\t\t\t<div class=\"elementor-element elementor-element-27dded2 elementor-cta--layout-image-left elementor-cta--mobile-layout-image-above elementor-cta--skin-classic elementor-animated-content elementor-widget elementor-widget-call-to-action\" data-id=\"27dded2\" data-element_type=\"widget\" data-e-type=\"widget\" data-widget_type=\"call-to-action.default\">\n\t\t\t\t<div class=\"elementor-widget-container\">\n\t\t\t\t\t\t\t<div class=\"elementor-cta\">\n\t\t\t\t\t<div class=\"elementor-cta__bg-wrapper\">\n\t\t\t\t<div class=\"elementor-cta__bg elementor-bg\" style=\"background-image: url(https:\/\/tervahovi.com\/www\/wp-content\/uploads\/2024\/06\/mokki2.png);\" role=\"img\" aria-label=\"mokki2.png\"><\/div>\n\t\t\t\t<div class=\"elementor-cta__bg-overlay\"><\/div>\n\t\t\t<\/div>\n\t\t\t\t\t\t\t<div class=\"elementor-cta__content\">\n\t\t\t\t\n\t\t\t\t\t\t\t\t\t<h2 class=\"elementor-cta__title elementor-cta__content-item elementor-content-item\">\n\t\t\t\t\t\tM\u00f6kkimajoitus\t\t\t\t\t<\/h2>\n\t\t\t\t\n\t\t\t\t\t\t\t\t\t<div class=\"elementor-cta__description elementor-cta__content-item elementor-content-item\">\n\t\t\t\t\t\tViereiselt\u00e4 leirint\u00e4alueelta l\u00f6ytyy 9 leirint\u00e4m\u00f6kki\u00e4 ja ne on tarkoitettu m\u00f6kkityypist\u00e4 riippuen 1-5 henkil\u00f6lle. Huoltorakennus sijaitsee aivan leirint\u00e4m\u00f6kkien vierest\u00e4, josta l\u00f6ytyy WC ja suihku. My\u00f6s lemmikkiel\u00e4imet ovat m\u00f6kkeihin tervetulleita.\n\nOmat liinavaatteet ovat suositeltuja, mutta voit vuokrata ne my\u00f6s vastaanotosta. Vuoteissa on t\u00e4kit ja tyynyt. My\u00f6s astiasto on saatavissa panttia vastaan. Kaikissa m\u00f6keiss\u00e4 on s\u00e4hk\u00f6l\u00e4mmitys.\t\t\t\t\t<\/div>\n\t\t\t\t\n\t\t\t\t\t\t\t\t\t<div class=\"elementor-cta__button-wrapper elementor-cta__content-item elementor-content-item \">\n\t\t\t\t\t<a class=\"elementor-cta__button elementor-button elementor-size-\" href=\"https:\/\/tervakallio.com\/www\/leirintamokit\/\" target=\"_blank\">\n\t\t\t\t\t\tTutustu m\u00f6kkeihin\t\t\t\t\t<\/a>\n\t\t\t\t\t<\/div>\n\t\t\t\t\t\t\t<\/div>\n\t\t\t\t\t\t<\/div>\n\t\t\t\t\t\t<\/div>\n\t\t\t\t<\/div>\n\t\t\t\t\t<\/div>\n\t\t\t\t<\/div>\n\t\t\t\t\t<\/div>\n\t\t\t\t<\/div>\n\t\t<div class=\"elementor-element elementor-element-66a5c4ab e-flex e-con-boxed e-con e-parent\" data-id=\"66a5c4ab\" data-element_type=\"container\" data-e-type=\"container\" data-settings=\"{&quot;background_background&quot;:&quot;classic&quot;}\">\n\t\t\t\t\t<div class=\"e-con-inner\">\n\t\t<div class=\"elementor-element elementor-element-4649ffaf e-flex e-con-boxed e-con e-child\" data-id=\"4649ffaf\" data-element_type=\"container\" data-e-type=\"container\" data-settings=\"{&quot;background_background&quot;:&quot;classic&quot;}\">\n\t\t\t\t\t<div class=\"e-con-inner\">\n\t\t\t\t<div class=\"elementor-element elementor-element-6c86df6 elementor-widget elementor-widget-heading\" data-id=\"6c86df6\" data-element_type=\"widget\" data-e-type=\"widget\" data-widget_type=\"heading.default\">\n\t\t\t\t<div class=\"elementor-widget-container\">\n\t\t\t\t\t<h2 class=\"elementor-heading-title elementor-size-default\">Ota yhteytt\u00e4<\/h2>\t\t\t\t<\/div>\n\t\t\t\t<\/div>\n\t\t\t\t<div class=\"elementor-element elementor-element-52fd6b29 elementor-button-align-start elementor-widget__width-inherit elementor-widget elementor-widget-form\" data-id=\"52fd6b29\" data-element_type=\"widget\" data-e-type=\"widget\" data-settings=\"{&quot;button_width&quot;:&quot;33&quot;,&quot;step_next_label&quot;:&quot;Next&quot;,&quot;step_previous_label&quot;:&quot;Previous&quot;,&quot;step_type&quot;:&quot;number_text&quot;,&quot;step_icon_shape&quot;:&quot;circle&quot;}\" data-widget_type=\"form.default\">\n\t\t\t\t<div class=\"elementor-widget-container\">\n\t\t\t\t\t\t\t<form class=\"elementor-form\" method=\"post\" name=\"Yhteydenotto\">\n\t\t\t<input type=\"hidden\" name=\"post_id\" value=\"88\"\/>\n\t\t\t<input type=\"hidden\" name=\"form_id\" value=\"52fd6b29\"\/>\n\t\t\t<input type=\"hidden\" name=\"referer_title\" value=\"Tervahovi\" \/>\n\n\t\t\t\n\t\t\t<div class=\"elementor-form-fields-wrapper elementor-labels-above\">\n\t\t\t\t\t\t\t\t<div class=\"elementor-field-type-text elementor-field-group elementor-column elementor-field-group-name elementor-col-33 elementor-field-required elementor-mark-required\">\n\t\t\t\t\t\t\t\t\t\t\t\t\t<input size=\"1\" type=\"text\" name=\"form_fields[name]\" id=\"form-field-name\" class=\"elementor-field elementor-size-sm  elementor-field-textual\" placeholder=\"Nimi\" required=\"required\" aria-required=\"true\">\n\t\t\t\t\t\t\t\t\t\t\t<\/div>\n\t\t\t\t\t\t\t\t<div class=\"elementor-field-type-email elementor-field-group elementor-column elementor-field-group-email elementor-col-33 elementor-field-required elementor-mark-required\">\n\t\t\t\t\t\t\t\t\t\t\t\t\t<input size=\"1\" type=\"email\" name=\"form_fields[email]\" id=\"form-field-email\" class=\"elementor-field elementor-size-sm  elementor-field-textual\" placeholder=\"S\u00e4hk\u00f6posti\" required=\"required\" aria-required=\"true\">\n\t\t\t\t\t\t\t\t\t\t\t<\/div>\n\t\t\t\t\t\t\t\t<div class=\"elementor-field-type-text elementor-field-group elementor-column elementor-field-group-field_47377a0 elementor-col-33\">\n\t\t\t\t\t\t\t\t\t\t\t\t\t<input size=\"1\" type=\"text\" name=\"form_fields[field_47377a0]\" id=\"form-field-field_47377a0\" class=\"elementor-field elementor-size-sm  elementor-field-textual\" placeholder=\"Puhelinnumero\">\n\t\t\t\t\t\t\t\t\t\t\t<\/div>\n\t\t\t\t\t\t\t\t<div class=\"elementor-field-type-text elementor-field-group elementor-column elementor-field-group-field_a602ac9 elementor-col-33\">\n\t\t\t\t\t\t\t\t\t\t\t\t\t<input size=\"1\" type=\"text\" name=\"form_fields[field_a602ac9]\" id=\"form-field-field_a602ac9\" class=\"elementor-field elementor-size-sm  elementor-field-textual\" placeholder=\"Toivottu ajankohta\">\n\t\t\t\t\t\t\t\t\t\t\t<\/div>\n\t\t\t\t\t\t\t\t<div class=\"elementor-field-type-select elementor-field-group elementor-column elementor-field-group-field_18e2e94 elementor-col-66\">\n\t\t\t\t\t\t\t<div class=\"elementor-field elementor-select-wrapper remove-before \">\n\t\t\t<div class=\"select-caret-down-wrapper\">\n\t\t\t\t<svg aria-hidden=\"true\" class=\"e-font-icon-svg e-eicon-caret-down\" viewBox=\"0 0 571.4 571.4\" xmlns=\"http:\/\/www.w3.org\/2000\/svg\"><path d=\"M571 393Q571 407 561 418L311 668Q300 679 286 679T261 668L11 418Q0 407 0 393T11 368 36 357H536Q550 357 561 368T571 393Z\"><\/path><\/svg>\t\t\t<\/div>\n\t\t\t<select name=\"form_fields[field_18e2e94]\" id=\"form-field-field_18e2e94\" class=\"elementor-field-textual elementor-size-sm\">\n\t\t\t\t\t\t\t\t\t<option value=\"Muu palvelu\/asia\">Muu palvelu\/asia<\/option>\n\t\t\t\t\t\t\t\t\t<option value=\"Olen kiinnostunut saunakabinetista\">Olen kiinnostunut saunakabinetista<\/option>\n\t\t\t\t\t\t\t\t\t<option value=\"Olen kiinnostunut juhlatilasta\">Olen kiinnostunut juhlatilasta<\/option>\n\t\t\t\t\t\t\t<\/select>\n\t\t<\/div>\n\t\t\t\t\t\t<\/div>\n\t\t\t\t\t\t\t\t<div class=\"elementor-field-type-textarea elementor-field-group elementor-column elementor-field-group-message elementor-col-100\">\n\t\t\t\t\t<textarea class=\"elementor-field-textual elementor-field  elementor-size-sm\" name=\"form_fields[message]\" id=\"form-field-message\" rows=\"5\" placeholder=\"Viestisi\"><\/textarea>\t\t\t\t<\/div>\n\t\t\t\t\t\t\t\t<div class=\"elementor-field-type-text\">\n\t\t\t\t\t<input size=\"1\" type=\"text\" name=\"form_fields[field_b2597f9]\" id=\"form-field-field_b2597f9\" class=\"elementor-field elementor-size-sm \" style=\"display:none !important;\">\t\t\t\t<\/div>\n\t\t\t\t\t\t\t\t<div class=\"elementor-field-type-recaptcha_v3 elementor-field-group elementor-column elementor-field-group-field_5cbc045 elementor-col-100 recaptcha_v3-bottomright\">\n\t\t\t\t\t<div class=\"elementor-field\" id=\"form-field-field_5cbc045\"><div class=\"elementor-g-recaptcha\" data-sitekey=\"6LdEfiMqAAAAAA0v6CHwJCf2RW2yZjimWn4otj3S\" data-type=\"v3\" data-action=\"Form\" data-badge=\"bottomright\" data-size=\"invisible\"><\/div><\/div>\t\t\t\t<\/div>\n\t\t\t\t\t\t\t\t<div class=\"elementor-field-group elementor-column elementor-field-type-submit elementor-col-33 e-form__buttons\">\n\t\t\t\t\t<button class=\"elementor-button elementor-size-sm\" type=\"submit\">\n\t\t\t\t\t\t<span class=\"elementor-button-content-wrapper\">\n\t\t\t\t\t\t\t\t\t\t\t\t\t\t\t\t\t\t\t\t\t\t<span class=\"elementor-button-text\">L\u00e4het\u00e4<\/span>\n\t\t\t\t\t\t\t\t\t\t\t\t\t<\/span>\n\t\t\t\t\t<\/button>\n\t\t\t\t<\/div>\n\t\t\t<\/div>\n\t\t<\/form>\n\t\t\t\t\t\t<\/div>\n\t\t\t\t<\/div>\n\t\t\t\t\t<\/div>\n\t\t\t\t<\/div>\n\t\t\t\t\t<\/div>\n\t\t\t\t<\/div>\n\t\t\t\t<\/div>\n\t\t","protected":false},"excerpt":{"rendered":"<p>Majoittuminen Tervahovin alueella Tervahovin vieraat majoittuvat mukavasti joko saunakabinetin makuutiloihin tai viereisen leirint\u00e4alueen leirint\u00e4m\u00f6kkeihin. Hotellimajoitusta kaipaaville Sastamalan keskustasta l\u00f6ytyy my\u00f6s [&hellip;]<\/p>\n","protected":false},"author":1,"featured_media":0,"parent":0,"menu_order":0,"comment_status":"closed","ping_status":"closed","template":"","meta":{"site-sidebar-layout":"no-sidebar","site-content-layout":"","ast-site-content-layout":"full-width-container","site-content-style":"default","site-sidebar-style":"default","ast-global-header-display":"","ast-banner-title-visibility":"","ast-main-header-display":"","ast-hfb-above-header-display":"","ast-hfb-below-header-display":"","ast-hfb-mobile-header-display":"","site-post-title":"disabled","ast-breadcrumbs-content":"","ast-featured-img":"disabled","footer-sml-layout":"","theme-transparent-header-meta":"","adv-header-id-meta":"","stick-header-meta":"","header-above-stick-meta":"","header-main-stick-meta":"","header-below-stick-meta":"","astra-migrate-meta-layouts":"default","ast-page-background-enabled":"default","ast-page-background-meta":{"desktop":{"background-color":"var(--ast-global-color-4)","background-image":"","background-repeat":"repeat","background-position":"center center","background-size":"auto","background-attachment":"scroll","background-type":"","background-media":"","overlay-type":"","overlay-color":"","overlay-opacity":"","overlay-gradient":""},"tablet":{"background-color":"","background-image":"","background-repeat":"repeat","background-position":"center center","background-size":"auto","background-attachment":"scroll","background-type":"","background-media":"","overlay-type":"","overlay-color":"","overlay-opacity":"","overlay-gradient":""},"mobile":{"background-color":"","background-image":"","background-repeat":"repeat","background-position":"center center","background-size":"auto","background-attachment":"scroll","background-type":"","background-media":"","overlay-type":"","overlay-color":"","overlay-opacity":"","overlay-gradient":""}},"ast-content-background-meta":{"desktop":{"background-color":"var(--ast-global-color-5)","background-image":"","background-repeat":"repeat","background-position":"center center","background-size":"auto","background-attachment":"scroll","background-type":"","background-media":"","overlay-type":"","overlay-color":"","overlay-opacity":"","overlay-gradient":""},"tablet":{"background-color":"var(--ast-global-color-5)","background-image":"","background-repeat":"repeat","background-position":"center center","background-size":"auto","background-attachment":"scroll","background-type":"","background-media":"","overlay-type":"","overlay-color":"","overlay-opacity":"","overlay-gradient":""},"mobile":{"background-color":"var(--ast-global-color-5)","background-image":"","background-repeat":"repeat","background-position":"center center","background-size":"auto","background-attachment":"scroll","background-type":"","background-media":"","overlay-type":"","overlay-color":"","overlay-opacity":"","overlay-gradient":""}},"footnotes":""},"class_list":["post-88","page","type-page","status-publish","hentry"],"yoast_head":"<!-- This site is optimized with the Yoast SEO plugin v27.4 - https:\/\/yoast.com\/product\/yoast-seo-wordpress\/ -->\n<title>Majoitus - Tervahovi<\/title>\n<meta name=\"robots\" content=\"index, follow, max-snippet:-1, max-image-preview:large, max-video-preview:-1\" \/>\n<link rel=\"canonical\" href=\"https:\/\/tervahovi.com\/www\/majoitus\/\" \/>\n<meta property=\"og:locale\" content=\"fi_FI\" \/>\n<meta property=\"og:type\" content=\"article\" \/>\n<meta property=\"og:title\" content=\"Majoitus - Tervahovi\" \/>\n<meta property=\"og:description\" content=\"Majoittuminen Tervahovin alueella Tervahovin vieraat majoittuvat mukavasti joko saunakabinetin makuutiloihin tai viereisen leirint\u00e4alueen leirint\u00e4m\u00f6kkeihin. Hotellimajoitusta kaipaaville Sastamalan keskustasta l\u00f6ytyy my\u00f6s [&hellip;]\" \/>\n<meta property=\"og:url\" content=\"https:\/\/tervahovi.com\/www\/majoitus\/\" \/>\n<meta property=\"og:site_name\" content=\"Tervahovi\" \/>\n<meta property=\"article:modified_time\" content=\"2024-08-13T17:26:00+00:00\" \/>\n<meta property=\"og:image\" content=\"https:\/\/tervahovi.com\/www\/wp-content\/uploads\/2024\/06\/Juhlatila-Tervahovi-Sastamalassa.png\" \/>\n\t<meta property=\"og:image:width\" content=\"1920\" \/>\n\t<meta property=\"og:image:height\" content=\"1080\" \/>\n\t<meta property=\"og:image:type\" content=\"image\/png\" \/>\n<meta name=\"twitter:card\" content=\"summary_large_image\" \/>\n<meta name=\"twitter:label1\" content=\"Arvioitu lukuaika\" \/>\n\t<meta name=\"twitter:data1\" content=\"1 minuutti\" \/>\n<script type=\"application\/ld+json\" class=\"yoast-schema-graph\">{\"@context\":\"https:\\\/\\\/schema.org\",\"@graph\":[{\"@type\":\"WebPage\",\"@id\":\"https:\\\/\\\/tervahovi.com\\\/www\\\/majoitus\\\/\",\"url\":\"https:\\\/\\\/tervahovi.com\\\/www\\\/majoitus\\\/\",\"name\":\"Majoitus - Tervahovi\",\"isPartOf\":{\"@id\":\"https:\\\/\\\/tervahovi.com\\\/www\\\/#website\"},\"datePublished\":\"2024-06-26T07:02:42+00:00\",\"dateModified\":\"2024-08-13T17:26:00+00:00\",\"breadcrumb\":{\"@id\":\"https:\\\/\\\/tervahovi.com\\\/www\\\/majoitus\\\/#breadcrumb\"},\"inLanguage\":\"fi\",\"potentialAction\":[{\"@type\":\"ReadAction\",\"target\":[\"https:\\\/\\\/tervahovi.com\\\/www\\\/majoitus\\\/\"]}]},{\"@type\":\"BreadcrumbList\",\"@id\":\"https:\\\/\\\/tervahovi.com\\\/www\\\/majoitus\\\/#breadcrumb\",\"itemListElement\":[{\"@type\":\"ListItem\",\"position\":1,\"name\":\"Etusivu\",\"item\":\"https:\\\/\\\/tervahovi.com\\\/www\\\/\"},{\"@type\":\"ListItem\",\"position\":2,\"name\":\"Majoitus\"}]},{\"@type\":\"WebSite\",\"@id\":\"https:\\\/\\\/tervahovi.com\\\/www\\\/#website\",\"url\":\"https:\\\/\\\/tervahovi.com\\\/www\\\/\",\"name\":\"Tervahovi\",\"description\":\"Tervahovi on upea juhlatila Sastamalan syd\u00e4mess\u00e4\",\"publisher\":{\"@id\":\"https:\\\/\\\/tervahovi.com\\\/www\\\/#organization\"},\"potentialAction\":[{\"@type\":\"SearchAction\",\"target\":{\"@type\":\"EntryPoint\",\"urlTemplate\":\"https:\\\/\\\/tervahovi.com\\\/www\\\/?s={search_term_string}\"},\"query-input\":{\"@type\":\"PropertyValueSpecification\",\"valueRequired\":true,\"valueName\":\"search_term_string\"}}],\"inLanguage\":\"fi\"},{\"@type\":\"Organization\",\"@id\":\"https:\\\/\\\/tervahovi.com\\\/www\\\/#organization\",\"name\":\"Tervahovi\",\"url\":\"https:\\\/\\\/tervahovi.com\\\/www\\\/\",\"logo\":{\"@type\":\"ImageObject\",\"inLanguage\":\"fi\",\"@id\":\"https:\\\/\\\/tervahovi.com\\\/www\\\/#\\\/schema\\\/logo\\\/image\\\/\",\"url\":\"https:\\\/\\\/tervahovi.com\\\/www\\\/wp-content\\\/uploads\\\/2024\\\/06\\\/tervahovi-juhlatila-sastamala-1.png\",\"contentUrl\":\"https:\\\/\\\/tervahovi.com\\\/www\\\/wp-content\\\/uploads\\\/2024\\\/06\\\/tervahovi-juhlatila-sastamala-1.png\",\"width\":700,\"height\":247,\"caption\":\"Tervahovi\"},\"image\":{\"@id\":\"https:\\\/\\\/tervahovi.com\\\/www\\\/#\\\/schema\\\/logo\\\/image\\\/\"}}]}<\/script>\n<!-- \/ Yoast SEO plugin. -->","yoast_head_json":{"title":"Majoitus - Tervahovi","robots":{"index":"index","follow":"follow","max-snippet":"max-snippet:-1","max-image-preview":"max-image-preview:large","max-video-preview":"max-video-preview:-1"},"canonical":"https:\/\/tervahovi.com\/www\/majoitus\/","og_locale":"fi_FI","og_type":"article","og_title":"Majoitus - Tervahovi","og_description":"Majoittuminen Tervahovin alueella Tervahovin vieraat majoittuvat mukavasti joko saunakabinetin makuutiloihin tai viereisen leirint\u00e4alueen leirint\u00e4m\u00f6kkeihin. Hotellimajoitusta kaipaaville Sastamalan keskustasta l\u00f6ytyy my\u00f6s [&hellip;]","og_url":"https:\/\/tervahovi.com\/www\/majoitus\/","og_site_name":"Tervahovi","article_modified_time":"2024-08-13T17:26:00+00:00","og_image":[{"width":1920,"height":1080,"url":"https:\/\/tervahovi.com\/www\/wp-content\/uploads\/2024\/06\/Juhlatila-Tervahovi-Sastamalassa.png","type":"image\/png"}],"twitter_card":"summary_large_image","twitter_misc":{"Arvioitu lukuaika":"1 minuutti"},"schema":{"@context":"https:\/\/schema.org","@graph":[{"@type":"WebPage","@id":"https:\/\/tervahovi.com\/www\/majoitus\/","url":"https:\/\/tervahovi.com\/www\/majoitus\/","name":"Majoitus - Tervahovi","isPartOf":{"@id":"https:\/\/tervahovi.com\/www\/#website"},"datePublished":"2024-06-26T07:02:42+00:00","dateModified":"2024-08-13T17:26:00+00:00","breadcrumb":{"@id":"https:\/\/tervahovi.com\/www\/majoitus\/#breadcrumb"},"inLanguage":"fi","potentialAction":[{"@type":"ReadAction","target":["https:\/\/tervahovi.com\/www\/majoitus\/"]}]},{"@type":"BreadcrumbList","@id":"https:\/\/tervahovi.com\/www\/majoitus\/#breadcrumb","itemListElement":[{"@type":"ListItem","position":1,"name":"Etusivu","item":"https:\/\/tervahovi.com\/www\/"},{"@type":"ListItem","position":2,"name":"Majoitus"}]},{"@type":"WebSite","@id":"https:\/\/tervahovi.com\/www\/#website","url":"https:\/\/tervahovi.com\/www\/","name":"Tervahovi","description":"Tervahovi on upea juhlatila Sastamalan syd\u00e4mess\u00e4","publisher":{"@id":"https:\/\/tervahovi.com\/www\/#organization"},"potentialAction":[{"@type":"SearchAction","target":{"@type":"EntryPoint","urlTemplate":"https:\/\/tervahovi.com\/www\/?s={search_term_string}"},"query-input":{"@type":"PropertyValueSpecification","valueRequired":true,"valueName":"search_term_string"}}],"inLanguage":"fi"},{"@type":"Organization","@id":"https:\/\/tervahovi.com\/www\/#organization","name":"Tervahovi","url":"https:\/\/tervahovi.com\/www\/","logo":{"@type":"ImageObject","inLanguage":"fi","@id":"https:\/\/tervahovi.com\/www\/#\/schema\/logo\/image\/","url":"https:\/\/tervahovi.com\/www\/wp-content\/uploads\/2024\/06\/tervahovi-juhlatila-sastamala-1.png","contentUrl":"https:\/\/tervahovi.com\/www\/wp-content\/uploads\/2024\/06\/tervahovi-juhlatila-sastamala-1.png","width":700,"height":247,"caption":"Tervahovi"},"image":{"@id":"https:\/\/tervahovi.com\/www\/#\/schema\/logo\/image\/"}}]}},"_links":{"self":[{"href":"https:\/\/tervahovi.com\/www\/wp-json\/wp\/v2\/pages\/88","targetHints":{"allow":["GET"]}}],"collection":[{"href":"https:\/\/tervahovi.com\/www\/wp-json\/wp\/v2\/pages"}],"about":[{"href":"https:\/\/tervahovi.com\/www\/wp-json\/wp\/v2\/types\/page"}],"author":[{"embeddable":true,"href":"https:\/\/tervahovi.com\/www\/wp-json\/wp\/v2\/users\/1"}],"replies":[{"embeddable":true,"href":"https:\/\/tervahovi.com\/www\/wp-json\/wp\/v2\/comments?post=88"}],"version-history":[{"count":29,"href":"https:\/\/tervahovi.com\/www\/wp-json\/wp\/v2\/pages\/88\/revisions"}],"predecessor-version":[{"id":757,"href":"https:\/\/tervahovi.com\/www\/wp-json\/wp\/v2\/pages\/88\/revisions\/757"}],"wp:attachment":[{"href":"https:\/\/tervahovi.com\/www\/wp-json\/wp\/v2\/media?parent=88"}],"curies":[{"name":"wp","href":"https:\/\/api.w.org\/{rel}","templated":true}]}}